{"id":62,"date":"2018-04-04T17:21:03","date_gmt":"2018-04-04T17:21:03","guid":{"rendered":"http:\/\/bettybutine.com\/?page_id=62"},"modified":"2026-04-18T13:57:01","modified_gmt":"2026-04-18T11:57:01","slug":"lequipe","status":"publish","type":"page","link":"https:\/\/bettybutine.com\/?page_id=62","title":{"rendered":"L&rsquo;\u00e9quipe"},"content":{"rendered":"<p style=\"text-align: center;\">\u00ab\u00a0Cher toi&#8230; Cher ami, cher parent, tu sais un spectacle est le fruit d&rsquo;un travail m\u00fbri, de partages, de r\u00e9flexions, de temps, et de choix beaucoup.<\/p>\n<p style=\"text-align: center;\">Cher toi&#8230; Mon ange bienveillant, merci pour ton \u00e9coute, pour ton \u00e9nergie, pour ton partage, merci d&rsquo;\u00eatre l\u00e0 tout simplement.\u00a0\u00bb <em>Betty Pois<\/em><\/p>\n<p style=\"text-align: center;\">\n<p style=\"text-align: center;\">Id\u00e9e originale, \u00e9criture, production et interpr\u00e9tation : <a href=\"http:\/\/bettypois.com\"><strong>Betty POIS<\/strong><\/a><\/p>\n<p style=\"text-align: center;\">Mise en sc\u00e8ne : <a href=\"https:\/\/www.facebook.com\/dragana.smiljanic.545\"><strong>Dragana SMILJANIC<\/strong><\/a><\/p>\n<p style=\"text-align: center;\">D\u00e9cor : <strong><a href=\"http:\/\/claireamoureux.wix.com\/claire-amoureux\">Claire AMOUREUX<\/a>, <a href=\"http:\/\/alice-amoureux-nicole.fr\/\">Alice AMOUREUX NICOLE<\/a>, Arthur GODELLE<\/strong><\/p>\n<p style=\"text-align: center;\">Costume : <strong><a href=\"http:\/\/claireamoureux.wix.com\/claire-amoureux\">Claire AMOUREUX<\/a>, et les doigts de f\u00e9e de V\u00e9ronique BIRON et Fran\u00e7oise BELANGER<\/strong><\/p>\n<p style=\"text-align: center;\">Textes et m\u00e9lodies des chansons : <a href=\"http:\/\/bettypois.com\"><strong>Betty POIS<\/strong><\/a><\/p>\n<p style=\"text-align: center;\">Arrangements musicaux :<strong>\u00a0<a href=\"https:\/\/www.theairplanemusic.com\/\">Alexandre MONTAGNE<\/a> et Philippe CAZIER<\/strong><\/p>\n<p style=\"text-align: center;\">Illustration : <a href=\"http:\/\/alice-amoureux-nicole.fr\/\"><strong>Alice AMOUREUX NICOLE<\/strong><\/a><\/p>\n<p style=\"text-align: center;\">Photos : <a href=\"http:\/\/morcourt.photos.free.fr\/\"><strong>Didier BEDU<\/strong><\/a> et <a href=\"https:\/\/500px.com\/domvichot\"><strong>Dominique VICHOT<\/strong><\/a><\/p>\n<p style=\"text-align: center;\">Prise vid\u00e9o, son et montage : Olivier CHAMARD, <a href=\"https:\/\/www.studiodescedres.com\/\"><strong>STUDIO DES CEDRES<\/strong><\/a><\/p>\n<p style=\"text-align: center;\">Mille mercis \u00e0 tous mes anges bienveillants qui m&rsquo;ont soutenue et aid\u00e9e :<\/p>\n<p style=\"text-align: center;\">Coaching com\u00e9die comique : <strong><a href=\"https:\/\/www.iraseid.com\/\">Ira SEIDENSTEIN<\/a><\/strong>, coaching jeu et \u00e9criture : <a href=\"http:\/\/sibylleclaudel.fr\"><strong>Sibylle CLAUDEL<\/strong><\/a>, coaching mise en sc\u00e8ne Doroth\u00e9e DEFONTAINE, <strong>compagnie Aux Arts etc&#8230;<\/strong>, coaching personnel : <a href=\"http:\/\/www.rendezmoilavieplusbelle.com\/\"><strong>Isabelle GOUDE-LAVARDE<\/strong><\/a>, aide \u00e0 la d\u00e9coration : <strong>Pascal CHEVE<\/strong>, <strong>Patrick LA BAULE<\/strong> et <strong>Patrick BLOSSIER<\/strong>, m\u00e9canismes : <strong>Serge MAHUT, <\/strong><strong>Philippe PAIN, R\u00e9mi NICOLE<\/strong>, <strong>Thomas GODELLE<\/strong>, <strong>Virginie VERDEAUX<\/strong>, <strong>Didier BEDU<\/strong>, aide \u00e0 la musique : <a href=\"http:\/\/www.profmusique.fr\/\"><strong>Assaf MATIYAHU<\/strong><\/a>, maquillage : <a href=\"https:\/\/gaellemarymua.book.fr\/\"><strong>Ga\u00eblle MARY<\/strong><\/a>, coiffure : <a href=\"http:\/\/www.stephaniegravier.com\/\"><strong>St\u00e9phanie GRAVIER<\/strong><\/a>,\u00a0R\u00e9gie son \/ lumi\u00e8re : <strong>Robin NICOLE<\/strong>, cam\u00e9ra : <strong>Hugues TISSANDIER<\/strong>, salle de r\u00e9p\u00e9tition : <strong>ABRACADABRA &amp; CO<\/strong>.<\/p>\n<p style=\"text-align: center;\">A mes f\u00e9es et leurs bons conseils : <strong>Djina MAAZIZ<\/strong>, <strong>La\u00e9titia SANCHEZ<\/strong>, <strong>Patricia MARTY<\/strong>, <strong>Anne CHAPONNAY<\/strong>, <strong>St\u00e9phanie DANIEL<\/strong>, <strong>Nathalie BARDEY-LEMAIRE<\/strong>, <strong>Val\u00e9rie NISOLE-FABRE<\/strong>, <a href=\"http:\/\/www.cendrio.com\/\"><strong>Manu TRAVIER<\/strong><\/a>, <strong>Nathalie AMOUREUX<\/strong>, <strong>Claire PRADALIE, <\/strong><strong>Corinne MAHUT<\/strong> et bient\u00f4t <strong>Lucienne GIRARD<\/strong>&#8230; Toute une histoire!<\/p>\n<p>&nbsp;<\/p>\n<p style=\"text-align: center;\">A toutes les personnes qui me suivent et me sont fid\u00e8les depuis le d\u00e9but &#8230; hein Audrey?!<\/p>\n<p style=\"text-align: center;\"><strong>Betty Pois <\/strong>(voir <a href=\"https:\/\/www.youtube.com\/channel\/UC69KqEFDRkZsVgY_S_QaCwg\">cha\u00eene YOU TUBE<\/a> en cours de r\u00e9alisation, <a href=\"http:\/\/bettypois.com\">site<\/a>, <a href=\"https:\/\/www.facebook.com\/betty.pois\/\">FB<\/a> et <a href=\"https:\/\/www.instagram.com\/betty_pois\/\">Instagram<\/a>)<\/p>\n<p style=\"text-align: center;\"><img loading=\"lazy\" decoding=\"async\" class=\"alignnone wp-image-98\" src=\"https:\/\/bettybutine.com\/wp-content\/uploads\/2018\/04\/DSC1576-300x300.jpg\" alt=\"\" width=\"600\" height=\"600\" srcset=\"https:\/\/bettybutine.com\/wp-content\/uploads\/2018\/04\/DSC1576-300x300.jpg 300w, https:\/\/bettybutine.com\/wp-content\/uploads\/2018\/04\/DSC1576-1024x1024.jpg 1024w, https:\/\/bettybutine.com\/wp-content\/uploads\/2018\/04\/DSC1576-150x150.jpg 150w, https:\/\/bettybutine.com\/wp-content\/uploads\/2018\/04\/DSC1576-768x768.jpg 768w, https:\/\/bettybutine.com\/wp-content\/uploads\/2018\/04\/DSC1576-1536x1536.jpg 1536w, https:\/\/bettybutine.com\/wp-content\/uploads\/2018\/04\/DSC1576-2048x2048.jpg 2048w\" sizes=\"auto, (max-width: 600px) 100vw, 600px\" \/><\/p>\n<p style=\"text-align: center;\">Photo : <a href=\"https:\/\/500px.com\/domvichot\">Dominique VICHOT<\/a>, maquillage <a href=\"https:\/\/gaellemarymua.book.fr\/\">Ga\u00eblle MARY<\/a><\/p>\n<p style=\"text-align: center;\">\n","protected":false},"excerpt":{"rendered":"<p>\u00ab\u00a0Cher toi&#8230; Cher ami, cher parent, tu sais un spectacle est le fruit d&rsquo;un travail m\u00fbri, de partages, de r\u00e9flexions, de temps, et de choix beaucoup. Cher toi&#8230; Mon ange bienveillant, merci pour ton \u00e9coute, pour ton \u00e9nergie, pour ton partage, merci d&rsquo;\u00eatre l\u00e0 tout simplement.\u00a0\u00bb Betty Pois Id\u00e9e originale, \u00e9criture, production et interpr\u00e9tation : [&hellip;]<\/p>\n","protected":false},"author":1,"featured_media":94,"parent":0,"menu_order":0,"comment_status":"closed","ping_status":"closed","template":"","meta":{"footnotes":""},"class_list":["post-62","page","type-page","status-publish","has-post-thumbnail","czr-hentry"],"_links":{"self":[{"href":"https:\/\/bettybutine.com\/index.php?rest_route=\/wp\/v2\/pages\/62","targetHints":{"allow":["GET"]}}],"collection":[{"href":"https:\/\/bettybutine.com\/index.php?rest_route=\/wp\/v2\/pages"}],"about":[{"href":"https:\/\/bettybutine.com\/index.php?rest_route=\/wp\/v2\/types\/page"}],"author":[{"embeddable":true,"href":"https:\/\/bettybutine.com\/index.php?rest_route=\/wp\/v2\/users\/1"}],"replies":[{"embeddable":true,"href":"https:\/\/bettybutine.com\/index.php?rest_route=%2Fwp%2Fv2%2Fcomments&post=62"}],"version-history":[{"count":7,"href":"https:\/\/bettybutine.com\/index.php?rest_route=\/wp\/v2\/pages\/62\/revisions"}],"predecessor-version":[{"id":373,"href":"https:\/\/bettybutine.com\/index.php?rest_route=\/wp\/v2\/pages\/62\/revisions\/373"}],"wp:featuredmedia":[{"embeddable":true,"href":"https:\/\/bettybutine.com\/index.php?rest_route=\/wp\/v2\/media\/94"}],"wp:attachment":[{"href":"https:\/\/bettybutine.com\/index.php?rest_route=%2Fwp%2Fv2%2Fmedia&parent=62"}],"curies":[{"name":"wp","href":"https:\/\/api.w.org\/{rel}","templated":true}]}}