{"id":56,"date":"2018-04-04T16:54:47","date_gmt":"2018-04-04T16:54:47","guid":{"rendered":"http:\/\/bettybutine.com\/?page_id=56"},"modified":"2026-04-17T12:20:38","modified_gmt":"2026-04-17T10:20:38","slug":"les-dates","status":"publish","type":"page","link":"https:\/\/bettybutine.com\/?page_id=56","title":{"rendered":"Les dates"},"content":{"rendered":"<p><img loading=\"lazy\" decoding=\"async\" class=\"wp-image-245 size-full aligncenter\" src=\"https:\/\/bettybutine.com\/wp-content\/uploads\/2021\/04\/Logo-theatre-sans-fond.jpg\" alt=\"\" width=\"172\" height=\"172\" srcset=\"https:\/\/bettybutine.com\/wp-content\/uploads\/2021\/04\/Logo-theatre-sans-fond.jpg 172w, https:\/\/bettybutine.com\/wp-content\/uploads\/2021\/04\/Logo-theatre-sans-fond-150x150.jpg 150w\" sizes=\"auto, (max-width: 172px) 100vw, 172px\" \/><\/p>\n<p style=\"text-align: center;\"><strong>DISPONIBLE D\u00c8S OCTOBRE 2026 !!<br \/><\/strong><\/p>\n<p style=\"text-align: center;\"><img loading=\"lazy\" decoding=\"async\" class=\"alignnone wp-image-323\" src=\"https:\/\/bettybutine.com\/wp-content\/uploads\/2024\/04\/rose-300x11.jpg\" alt=\"\" width=\"372\" height=\"14\" srcset=\"https:\/\/bettybutine.com\/wp-content\/uploads\/2024\/04\/rose-300x11.jpg 300w, https:\/\/bettybutine.com\/wp-content\/uploads\/2024\/04\/rose-768x29.jpg 768w, https:\/\/bettybutine.com\/wp-content\/uploads\/2024\/04\/rose.jpg 930w\" sizes=\"auto, (max-width: 372px) 100vw, 372px\" \/><\/p>\n<p style=\"text-align: center;\"><strong><em>Bient\u00f4t sur cette page, d&rsquo;autres prochaines dates&#8230;<\/em><\/strong><\/p>\n<p><img loading=\"lazy\" decoding=\"async\" class=\"aligncenter wp-image-323\" src=\"https:\/\/bettybutine.com\/wp-content\/uploads\/2024\/04\/rose-300x11.jpg\" alt=\"\" width=\"372\" height=\"14\" srcset=\"https:\/\/bettybutine.com\/wp-content\/uploads\/2024\/04\/rose-300x11.jpg 300w, https:\/\/bettybutine.com\/wp-content\/uploads\/2024\/04\/rose-768x29.jpg 768w, https:\/\/bettybutine.com\/wp-content\/uploads\/2024\/04\/rose.jpg 930w\" sizes=\"auto, (max-width: 372px) 100vw, 372px\" \/><\/p>\n<p style=\"text-align: center;\"><em>Dates jou\u00e9es :\u00a0<\/em><\/p>\n<p style=\"text-align: center;\"><em><strong>CLICHY SOUS BOIS<\/strong> (93) &#8211; Chapiteau 93 \u00ab\u00a0La Fontaine aux images\u00a0\u00bb, les 8 et 9 avril 2026, 14h \u00a0et 14h30<\/em><\/p>\n<p style=\"text-align: center;\"><strong>VAGNEY<\/strong> (88) &#8211; Th\u00e9\u00e2tre de Verdure avec la \u00ab\u00a0Compagnie le Plateau ivre\u00a0\u00bb, les 24 et 25 juillet 2021, 16h<\/p>\n<p style=\"text-align: center;\"><strong>GERARDMER<\/strong> (88) &#8211; Salle Jeanne d&rsquo;Arc, juin en sc\u00e8ne \u00a0 les 14 et 15 juin 2021, 10h et 14h<\/p>\n<p style=\"text-align: center;\"><strong>GAGNY<\/strong> &#8211;\u00a0 Spectacle priv\u00e9, \u00e0 domicile \u00a0 6 janvier 2019<\/p>\n<p style=\"text-align: center;\"><strong>GIF SUR YVETTE<\/strong> &#8211;\u00a0 Spectacle priv\u00e9, \u00e0 domicile \u00a0 11 avril 2018<\/p>\n<p style=\"text-align: center;\"><strong>NEUILLY PLAISANCE<\/strong> &#8211; \u00c9cole maternelle Foch\u00a0\u00a0 7 mars 2018<\/p>\n<p style=\"text-align: center;\"><strong>PARIS<\/strong> &#8211; Th\u00e9\u00e2tre des 3 bornes\u00a0\u00a0 21 &amp; 22 octobre 2017<\/p>\n<p style=\"text-align: center;\"><strong>NEUILLY SUR MARNE<\/strong> &#8211; Festivit\u00e9 \u00ab\u00a0Neuilly plage\u00a0\u00bb \u00a0\u00a0 8 juillet 2017<\/p>\n<p><em>(compteur spectateurs : 321)<\/em><\/p>\n<p style=\"text-align: center;\">voir :\u00a0\u00a0\u00a0\u00a0\u00a0 <img loading=\"lazy\" decoding=\"async\" class=\"alignnone wp-image-252\" src=\"https:\/\/bettybutine.com\/wp-content\/uploads\/2021\/04\/Vignette-FB-rouge.jpg\" alt=\"\" width=\"30\" height=\"29\" \/><a href=\"https:\/\/www.facebook.com\/betty.pois\">https:\/\/www.facebook.com\/betty.pois<\/a><\/p>\n<p style=\"text-align: center;\">\u00a0\u00a0\u00a0\u00a0\u00a0\u00a0\u00a0\u00a0\u00a0\u00a0\u00a0\u00a0\u00a0\u00a0\u00a0\u00a0 <img loading=\"lazy\" decoding=\"async\" class=\"alignnone wp-image-253\" src=\"https:\/\/bettybutine.com\/wp-content\/uploads\/2021\/04\/vignette-insta-rouge-300x300.jpg\" alt=\"\" width=\"30\" height=\"30\" srcset=\"https:\/\/bettybutine.com\/wp-content\/uploads\/2021\/04\/vignette-insta-rouge-300x300.jpg 300w, https:\/\/bettybutine.com\/wp-content\/uploads\/2021\/04\/vignette-insta-rouge-150x150.jpg 150w, https:\/\/bettybutine.com\/wp-content\/uploads\/2021\/04\/vignette-insta-rouge.jpg 343w\" sizes=\"auto, (max-width: 30px) 100vw, 30px\" \/><a href=\"https:\/\/www.instagram.com\/betty_pois\/\">https:\/\/www.instagram.com\/betty_pois\/<\/a><\/p>\n<p style=\"text-align: center;\">Et n&rsquo;h\u00e9sitez pas \u00e0 nous joindre pour toute information, commande ou suggestion \u00e0 :<\/p>\n<p style=\"text-align: center;\"><img loading=\"lazy\" decoding=\"async\" class=\"alignnone wp-image-69 \" src=\"https:\/\/bettybutine.com\/wp-content\/uploads\/2018\/04\/Logo-Betty-plus-petit-298x300.jpg\" alt=\"\" width=\"69\" height=\"69\" srcset=\"https:\/\/bettybutine.com\/wp-content\/uploads\/2018\/04\/Logo-Betty-plus-petit-298x300.jpg 298w, https:\/\/bettybutine.com\/wp-content\/uploads\/2018\/04\/Logo-Betty-plus-petit-150x150.jpg 150w, https:\/\/bettybutine.com\/wp-content\/uploads\/2018\/04\/Logo-Betty-plus-petit-768x772.jpg 768w, https:\/\/bettybutine.com\/wp-content\/uploads\/2018\/04\/Logo-Betty-plus-petit.jpg 895w\" sizes=\"auto, (max-width: 69px) 100vw, 69px\" \/>\u00a0\u00a0 <strong>bettybutine@gmail.com<\/strong><\/p>\n<p style=\"text-align: center;\">A bient\u00f4t!!<\/p>\n<p style=\"text-align: center;\"><img loading=\"lazy\" decoding=\"async\" class=\"alignnone wp-image-101\" src=\"https:\/\/bettybutine.com\/wp-content\/uploads\/2018\/04\/DSC1525-1024x1024.jpg\" alt=\"\" width=\"600\" height=\"600\" srcset=\"https:\/\/bettybutine.com\/wp-content\/uploads\/2018\/04\/DSC1525-1024x1024.jpg 1024w, https:\/\/bettybutine.com\/wp-content\/uploads\/2018\/04\/DSC1525-300x300.jpg 300w, https:\/\/bettybutine.com\/wp-content\/uploads\/2018\/04\/DSC1525-150x150.jpg 150w, https:\/\/bettybutine.com\/wp-content\/uploads\/2018\/04\/DSC1525-768x768.jpg 768w, https:\/\/bettybutine.com\/wp-content\/uploads\/2018\/04\/DSC1525-1536x1536.jpg 1536w, https:\/\/bettybutine.com\/wp-content\/uploads\/2018\/04\/DSC1525-2048x2048.jpg 2048w\" sizes=\"auto, (max-width: 600px) 100vw, 600px\" \/><\/p>\n<p style=\"text-align: center;\">Photo : Dominique VICHOT, maquillage : Ga\u00eblle MARY<\/p>\n\n\n<p><\/p>\n","protected":false},"excerpt":{"rendered":"<p>DISPONIBLE D\u00c8S OCTOBRE 2026 !! Bient\u00f4t sur cette page, d&rsquo;autres prochaines dates&#8230; Dates jou\u00e9es :\u00a0 CLICHY SOUS BOIS (93) &#8211; Chapiteau 93 \u00ab\u00a0La Fontaine aux images\u00a0\u00bb, les 8 et 9 avril 2026, 14h \u00a0et 14h30 VAGNEY (88) &#8211; Th\u00e9\u00e2tre de Verdure avec la \u00ab\u00a0Compagnie le Plateau ivre\u00a0\u00bb, les 24 et 25 juillet 2021, 16h GERARDMER [&hellip;]<\/p>\n","protected":false},"author":1,"featured_media":106,"parent":0,"menu_order":0,"comment_status":"closed","ping_status":"closed","template":"","meta":{"footnotes":""},"class_list":["post-56","page","type-page","status-publish","has-post-thumbnail","czr-hentry"],"_links":{"self":[{"href":"https:\/\/bettybutine.com\/index.php?rest_route=\/wp\/v2\/pages\/56","targetHints":{"allow":["GET"]}}],"collection":[{"href":"https:\/\/bettybutine.com\/index.php?rest_route=\/wp\/v2\/pages"}],"about":[{"href":"https:\/\/bettybutine.com\/index.php?rest_route=\/wp\/v2\/types\/page"}],"author":[{"embeddable":true,"href":"https:\/\/bettybutine.com\/index.php?rest_route=\/wp\/v2\/users\/1"}],"replies":[{"embeddable":true,"href":"https:\/\/bettybutine.com\/index.php?rest_route=%2Fwp%2Fv2%2Fcomments&post=56"}],"version-history":[{"count":12,"href":"https:\/\/bettybutine.com\/index.php?rest_route=\/wp\/v2\/pages\/56\/revisions"}],"predecessor-version":[{"id":359,"href":"https:\/\/bettybutine.com\/index.php?rest_route=\/wp\/v2\/pages\/56\/revisions\/359"}],"wp:featuredmedia":[{"embeddable":true,"href":"https:\/\/bettybutine.com\/index.php?rest_route=\/wp\/v2\/media\/106"}],"wp:attachment":[{"href":"https:\/\/bettybutine.com\/index.php?rest_route=%2Fwp%2Fv2%2Fmedia&parent=56"}],"curies":[{"name":"wp","href":"https:\/\/api.w.org\/{rel}","templated":true}]}}