{"id":104,"date":"2018-03-09T17:50:29","date_gmt":"2018-03-09T17:50:29","guid":{"rendered":"http:\/\/bettybutine.com\/?page_id=2"},"modified":"2026-04-17T13:03:38","modified_gmt":"2026-04-17T11:03:38","slug":"sample-page","status":"publish","type":"page","link":"https:\/\/bettybutine.com\/?page_id=104","title":{"rendered":"Un spectacle pour les 3-8 ans sur les \u00e9motions"},"content":{"rendered":"<h4 style=\"text-align: center;\">Univers musical, po\u00e9tique et p\u00e9tillant dans lequel Betty Pois et son espi\u00e8glerie am\u00e8nent les enfants intrigu\u00e9s \u00e0 d\u00e9couvrir la face cach\u00e9e de ses pois et \u00e0 partir \u00e0 la chasse au tr\u00e9sor.<\/h4>\n<h4 style=\"text-align: center;\"><strong>Ce conte serait-il le reflet de ce qu&rsquo;il y a en chacun de nous?<\/strong><\/h4>\n<h4 style=\"text-align: center;\"><strong>Bonheur garanti!<\/strong><\/h4>\n<div class=\"wp-playlist wp-video-playlist wp-playlist-light\">\n\t\t<video controls=\"controls\" preload=\"none\" width=\"1118\"\n\t\t height=\"608\"\t><\/video>\n\t<div class=\"wp-playlist-next\"><\/div>\n\t<div class=\"wp-playlist-prev\"><\/div>\n\t<noscript>\n\t<ol>\n\t\t<li><a href='https:\/\/bettybutine.com\/wp-content\/uploads\/2018\/08\/Betty-site.mp4'>Betty site<\/a><\/li>\t<\/ol>\n\t<\/noscript>\n\t<script type=\"application\/json\" class=\"wp-playlist-script\">{\"type\":\"video\",\"tracklist\":true,\"tracknumbers\":true,\"images\":true,\"artists\":true,\"tracks\":[{\"src\":\"https:\/\/bettybutine.com\/wp-content\/uploads\/2018\/08\/Betty-site.mp4\",\"type\":\"video\/mp4\",\"title\":\"Betty site\",\"caption\":\"\",\"description\":\"\",\"meta\":{\"length_formatted\":\"1:10\"},\"dimensions\":{\"original\":{\"width\":1920,\"height\":1044},\"resized\":{\"width\":1118,\"height\":608}},\"image\":{\"src\":\"https:\/\/bettybutine.com\/wp-includes\/images\/media\/video.svg\",\"width\":48,\"height\":64},\"thumb\":{\"src\":\"https:\/\/bettybutine.com\/wp-includes\/images\/media\/video.svg\",\"width\":48,\"height\":64}}]}<\/script>\n<\/div>\n\t\n<p style=\"text-align: center;\">Dur\u00e9e 45 mn<\/p>\n<p>&nbsp;<\/p>\n<p style=\"text-align: center;\"><strong>POUR LES PROFESSIONNELS :<\/strong><\/p>\n<p style=\"text-align: center;\"><a href=\"https:\/\/bettybutine.com\/wp-content\/uploads\/2026\/04\/2026-Dossier-de-diffusion.pdf\">Dossier de diffusion<\/a><\/p>\n<p style=\"text-align: center;\"><a href=\"https:\/\/bettybutine.com\/wp-content\/uploads\/2026\/04\/FICHE-PEDAGOGIQUE.pdf\">Dossier p\u00e9dagogique\u00a0<\/a><\/p>\n<p style=\"text-align: center;\"><a href=\"https:\/\/bettybutine.com\/wp-content\/uploads\/2026\/04\/FICHE-TECHNIQUE-Salles-de-spectacles-Betty-butine.docx\">Fiche technique<\/a><\/p>\n<p style=\"text-align: center;\"><em>(Devis sur demande \u00e0 : claire.amoureux@gmail.com)<\/em><\/p>\n<p><img loading=\"lazy\" decoding=\"async\" class=\"alignnone wp-image-239 size-medium\" src=\"https:\/\/bettybutine.com\/wp-content\/uploads\/2021\/04\/blanc-300x11.jpg\" alt=\"\" width=\"300\" height=\"11\" srcset=\"https:\/\/bettybutine.com\/wp-content\/uploads\/2021\/04\/blanc-300x11.jpg 300w, https:\/\/bettybutine.com\/wp-content\/uploads\/2021\/04\/blanc-768x29.jpg 768w, https:\/\/bettybutine.com\/wp-content\/uploads\/2021\/04\/blanc.jpg 930w\" sizes=\"auto, (max-width: 300px) 100vw, 300px\" \/><\/p>\n<p><img loading=\"lazy\" decoding=\"async\" class=\"alignnone wp-image-235 size-full\" src=\"https:\/\/bettybutine.com\/wp-content\/uploads\/2021\/04\/CHANSONS.jpg\" alt=\"\" width=\"930\" height=\"35\" srcset=\"https:\/\/bettybutine.com\/wp-content\/uploads\/2021\/04\/CHANSONS.jpg 930w, https:\/\/bettybutine.com\/wp-content\/uploads\/2021\/04\/CHANSONS-300x11.jpg 300w, https:\/\/bettybutine.com\/wp-content\/uploads\/2021\/04\/CHANSONS-768x29.jpg 768w\" sizes=\"auto, (max-width: 930px) 100vw, 930px\" \/><\/p>\n<p><img loading=\"lazy\" decoding=\"async\" class=\"alignnone wp-image-239 size-medium\" src=\"https:\/\/bettybutine.com\/wp-content\/uploads\/2021\/04\/blanc-300x11.jpg\" alt=\"\" width=\"300\" height=\"11\" srcset=\"https:\/\/bettybutine.com\/wp-content\/uploads\/2021\/04\/blanc-300x11.jpg 300w, https:\/\/bettybutine.com\/wp-content\/uploads\/2021\/04\/blanc-768x29.jpg 768w, https:\/\/bettybutine.com\/wp-content\/uploads\/2021\/04\/blanc.jpg 930w\" sizes=\"auto, (max-width: 300px) 100vw, 300px\" \/><\/p>\n<audio class=\"wp-audio-shortcode\" id=\"audio-104-1\" preload=\"none\" style=\"width: 100%;\" controls=\"controls\"><source type=\"audio\/mpeg\" src=\"https:\/\/bettypois.com\/wp-content\/uploads\/2020\/07\/nez-rouge-voix-chorus.mp3?_=1\" \/><a href=\"https:\/\/bettypois.com\/wp-content\/uploads\/2020\/07\/nez-rouge-voix-chorus.mp3\">https:\/\/bettypois.com\/wp-content\/uploads\/2020\/07\/nez-rouge-voix-chorus.mp3<\/a><\/audio>\n<p><strong>\u00ab\u00a0La chanson du nez&#8230;\u00a0\u00bb<\/strong> : \u00a0\u00a0\u00a0\u00a0 Arrangements : Philippe CAZIER<\/p>\n<h3 style=\"text-align: center;\">\u00a0<\/h3>\n<p style=\"text-align: center;\"><img loading=\"lazy\" decoding=\"async\" class=\"alignnone wp-image-201\" src=\"https:\/\/bettybutine.com\/wp-content\/uploads\/2018\/04\/DSC1511-2-300x300.jpg\" alt=\"\" width=\"600\" height=\"600\" srcset=\"https:\/\/bettybutine.com\/wp-content\/uploads\/2018\/04\/DSC1511-2-300x300.jpg 300w, https:\/\/bettybutine.com\/wp-content\/uploads\/2018\/04\/DSC1511-2-1024x1024.jpg 1024w, https:\/\/bettybutine.com\/wp-content\/uploads\/2018\/04\/DSC1511-2-150x150.jpg 150w, https:\/\/bettybutine.com\/wp-content\/uploads\/2018\/04\/DSC1511-2-768x768.jpg 768w, https:\/\/bettybutine.com\/wp-content\/uploads\/2018\/04\/DSC1511-2-1536x1536.jpg 1536w, https:\/\/bettybutine.com\/wp-content\/uploads\/2018\/04\/DSC1511-2-2048x2048.jpg 2048w\" sizes=\"auto, (max-width: 600px) 100vw, 600px\" \/><\/p>\n<p style=\"text-align: center;\">Et cliquez ici pour \u00e9couter \u00ab\u00a0la chanson de Betty\u00a0\u00bb<\/p>\n<audio class=\"wp-audio-shortcode\" id=\"audio-104-2\" preload=\"none\" style=\"width: 100%;\" controls=\"controls\"><source type=\"audio\/mpeg\" src=\"https:\/\/bettybutine.com\/wp-content\/uploads\/2018\/04\/Betty-CHANTEE.mp3?_=2\" \/><a href=\"https:\/\/bettybutine.com\/wp-content\/uploads\/2018\/04\/Betty-CHANTEE.mp3\">https:\/\/bettybutine.com\/wp-content\/uploads\/2018\/04\/Betty-CHANTEE.mp3<\/a><\/audio>\n<h3><img loading=\"lazy\" decoding=\"async\" class=\"alignnone size-medium wp-image-239\" src=\"https:\/\/bettybutine-com.preview-domain.com\/wp-content\/uploads\/2021\/04\/blanc-300x11.jpg\" alt=\"\" width=\"300\" height=\"11\" srcset=\"https:\/\/bettybutine.com\/wp-content\/uploads\/2021\/04\/blanc-300x11.jpg 300w, https:\/\/bettybutine.com\/wp-content\/uploads\/2021\/04\/blanc-768x29.jpg 768w, https:\/\/bettybutine.com\/wp-content\/uploads\/2021\/04\/blanc.jpg 930w\" sizes=\"auto, (max-width: 300px) 100vw, 300px\" \/><\/h3>\n<p style=\"text-align: center;\"><strong><em>T\u00e9moignages :<\/em><\/strong><\/p>\n<p>\u00ab\u00a0Betty butine est un spectacle touchant pour petits et grands. Un personnage conqu\u00e9rant le monde et ses peurs. Un petit bout de femme bien loin des clich\u00e9s. Un clown moderne. Entre rires et pleurs dans un \u00e9crin visuel d\u00e9paysant, j&rsquo;ai \u00e9t\u00e9 s\u00e9duite par cette belle sinc\u00e9rit\u00e9 qui nous parle et nous va droit au c\u0153ur. Les cr\u00e9ations musicales in\u00e9dites ouvrent un univers compl\u00e9mentaire \u00e0 l&rsquo;artiste bouillonnante d&rsquo;\u00e9nergie : chants, danses, et mimes cartoons pour notre plus grand plaisir.\u00a0\u00bb<\/p>\n<p>H\u00e9l\u00e8ne TISSERAND, com\u00e9dienne et metteur en sc\u00e8ne, LE PLATEAU IVRE, Th\u00e9\u00e2tre de Verdure, VAGNEY (88)<\/p>\n\n\n<figure class=\"wp-block-gallery has-nested-images columns-default is-cropped wp-block-gallery-1 is-layout-flex wp-block-gallery-is-layout-flex\">\n<figure class=\"wp-block-image size-large\"><img loading=\"lazy\" decoding=\"async\" width=\"730\" height=\"1024\" data-id=\"275\" src=\"https:\/\/bettybutine-com.preview-domain.com\/wp-content\/uploads\/2021\/10\/Recto-flyer-2-scaled-1-730x1024.jpg\" alt=\"\" class=\"wp-image-275\" srcset=\"https:\/\/bettybutine.com\/wp-content\/uploads\/2021\/10\/Recto-flyer-2-scaled-1-730x1024.jpg 730w, https:\/\/bettybutine.com\/wp-content\/uploads\/2021\/10\/Recto-flyer-2-scaled-1-214x300.jpg 214w, https:\/\/bettybutine.com\/wp-content\/uploads\/2021\/10\/Recto-flyer-2-scaled-1-768x1077.jpg 768w, https:\/\/bettybutine.com\/wp-content\/uploads\/2021\/10\/Recto-flyer-2-scaled-1-1096x1536.jpg 1096w, https:\/\/bettybutine.com\/wp-content\/uploads\/2021\/10\/Recto-flyer-2-scaled-1-1461x2048.jpg 1461w, https:\/\/bettybutine.com\/wp-content\/uploads\/2021\/10\/Recto-flyer-2-scaled-1.jpg 1826w\" sizes=\"auto, (max-width: 730px) 100vw, 730px\" \/><\/figure>\n\n\n\n<figure class=\"wp-block-image size-large\"><img loading=\"lazy\" decoding=\"async\" width=\"742\" height=\"1024\" data-id=\"117\" src=\"https:\/\/bettybutine-com.preview-domain.com\/wp-content\/uploads\/2018\/04\/flyer3-2-742x1024.jpg\" alt=\"\" class=\"wp-image-117\" srcset=\"https:\/\/bettybutine.com\/wp-content\/uploads\/2018\/04\/flyer3-2-742x1024.jpg 742w, https:\/\/bettybutine.com\/wp-content\/uploads\/2018\/04\/flyer3-2-217x300.jpg 217w, https:\/\/bettybutine.com\/wp-content\/uploads\/2018\/04\/flyer3-2-768x1060.jpg 768w, https:\/\/bettybutine.com\/wp-content\/uploads\/2018\/04\/flyer3-2-1113x1536.jpg 1113w, https:\/\/bettybutine.com\/wp-content\/uploads\/2018\/04\/flyer3-2.jpg 1335w\" sizes=\"auto, (max-width: 742px) 100vw, 742px\" \/><\/figure>\n<\/figure>\n","protected":false},"excerpt":{"rendered":"<p>Univers musical, po\u00e9tique et p\u00e9tillant dans lequel Betty Pois et son espi\u00e8glerie am\u00e8nent les enfants intrigu\u00e9s \u00e0 d\u00e9couvrir la face cach\u00e9e de ses pois et \u00e0 partir \u00e0 la chasse au tr\u00e9sor. Ce conte serait-il le reflet de ce qu&rsquo;il y a en chacun de nous? Bonheur garanti! Dur\u00e9e 45 mn &nbsp; POUR LES PROFESSIONNELS [&hellip;]<\/p>\n","protected":false},"author":1,"featured_media":116,"parent":0,"menu_order":0,"comment_status":"closed","ping_status":"open","template":"","meta":{"footnotes":""},"class_list":["post-104","page","type-page","status-publish","has-post-thumbnail","czr-hentry"],"_links":{"self":[{"href":"https:\/\/bettybutine.com\/index.php?rest_route=\/wp\/v2\/pages\/104","targetHints":{"allow":["GET"]}}],"collection":[{"href":"https:\/\/bettybutine.com\/index.php?rest_route=\/wp\/v2\/pages"}],"about":[{"href":"https:\/\/bettybutine.com\/index.php?rest_route=\/wp\/v2\/types\/page"}],"author":[{"embeddable":true,"href":"https:\/\/bettybutine.com\/index.php?rest_route=\/wp\/v2\/users\/1"}],"replies":[{"embeddable":true,"href":"https:\/\/bettybutine.com\/index.php?rest_route=%2Fwp%2Fv2%2Fcomments&post=104"}],"version-history":[{"count":22,"href":"https:\/\/bettybutine.com\/index.php?rest_route=\/wp\/v2\/pages\/104\/revisions"}],"predecessor-version":[{"id":370,"href":"https:\/\/bettybutine.com\/index.php?rest_route=\/wp\/v2\/pages\/104\/revisions\/370"}],"wp:featuredmedia":[{"embeddable":true,"href":"https:\/\/bettybutine.com\/index.php?rest_route=\/wp\/v2\/media\/116"}],"wp:attachment":[{"href":"https:\/\/bettybutine.com\/index.php?rest_route=%2Fwp%2Fv2%2Fmedia&parent=104"}],"curies":[{"name":"wp","href":"https:\/\/api.w.org\/{rel}","templated":true}]}}